{"id":73,"date":"2014-09-11T17:43:56","date_gmt":"2014-09-11T15:43:56","guid":{"rendered":"http:\/\/disline.de\/?page_id=73"},"modified":"2023-01-11T13:44:23","modified_gmt":"2023-01-11T11:44:23","slug":"impressum","status":"publish","type":"page","link":"https:\/\/disline.de\/?page_id=73","title":{"rendered":"Impressum"},"content":{"rendered":"<h1>Impressum<\/h1>\n<h4>UHLE KOMMUNIKATION<br \/>\nAgentur f\u00fcr Kommunikation und Lifestyle<br \/>\nSiegburger Str. 115 &#8211; 119<br \/>\n50679 K\u00f6ln<br \/>\nTelefon: +49 221 374006<br \/>\nTelefax: +49 221 374000<br \/>\nE-Mail: <a title=\"E-Mail-Adresse\" href=\"mailto:info@uk-agentur.de\">info\u2202uk-agentur.de<\/a><br \/>\nInternet: <a title=\"Internet Adresse\" href=\"http:\/\/uhlekommunikation.de\/\">www.uk-agentur.de<\/a><\/h4>\n<p>Unsere Datenschutzerkl\u00e4rung finden Sie <a href=\"https:\/\/disline.de\/?page_id=138\">hier<\/a>.<\/p>\n<h4>Umsatzsteuer-Identifikationsnummer gem\u00e4\u00df \u00a7 27 a Umsatzsteuergesetz: DE 158615460 Inhaltlich Verantwortlicher gem\u00e4\u00df \u00a7 10 Absatz 3 MDStV:<br \/>\nWolfgang Uhle, Salmstra\u00dfe 32, 51105 K\u00f6ln<br \/>\nWebdesign: UHLE KOMMUNIKATION<br \/>\nBildnachweis: Wolfgang Uhle UK, Fotolia.com, Acrylhaus<br \/>\nHaftungshinweis: Trotz sorgf\u00e4ltiger inhaltlicher Kontrolle \u00fcbernehmen wir keine Haftung f\u00fcr die Inhalte externer Links. F\u00fcr den Inhalt der verlinkten Seiten sind ausschlie\u00dflich deren Betreiber verantwortlich.<\/h4>\n","protected":false},"excerpt":{"rendered":"<p>Impressum UHLE KOMMUNIKATION Agentur f\u00fcr Kommunikation und Lifestyle Siegburger Str. 115 &#8211; 119 50679 K\u00f6ln Telefon: +49 221 374006 Telefax: +49 221 374000 E-Mail: info\u2202uk-agentur.de Internet: www.uk-agentur.de Unsere Datenschutzerkl\u00e4rung finden Sie hier. Umsatzsteuer-Identifikationsnummer gem\u00e4\u00df \u00a7 27 a Umsatzsteuergesetz: DE 158615460 Inhaltlich Verantwortlicher gem\u00e4\u00df \u00a7 10 Absatz 3 MDStV: Wolfgang Uhle, Salmstra\u00dfe 32, 51105 K\u00f6ln Webdesign: [&hellip;]<\/p>\n","protected":false},"author":1,"featured_media":0,"parent":0,"menu_order":0,"comment_status":"open","ping_status":"open","template":"","meta":[],"_links":{"self":[{"href":"https:\/\/disline.de\/index.php?rest_route=\/wp\/v2\/pages\/73"}],"collection":[{"href":"https:\/\/disline.de\/index.php?rest_route=\/wp\/v2\/pages"}],"about":[{"href":"https:\/\/disline.de\/index.php?rest_route=\/wp\/v2\/types\/page"}],"author":[{"embeddable":true,"href":"https:\/\/disline.de\/index.php?rest_route=\/wp\/v2\/users\/1"}],"replies":[{"embeddable":true,"href":"https:\/\/disline.de\/index.php?rest_route=%2Fwp%2Fv2%2Fcomments&post=73"}],"version-history":[{"count":7,"href":"https:\/\/disline.de\/index.php?rest_route=\/wp\/v2\/pages\/73\/revisions"}],"predecessor-version":[{"id":159,"href":"https:\/\/disline.de\/index.php?rest_route=\/wp\/v2\/pages\/73\/revisions\/159"}],"wp:attachment":[{"href":"https:\/\/disline.de\/index.php?rest_route=%2Fwp%2Fv2%2Fmedia&parent=73"}],"curies":[{"name":"wp","href":"https:\/\/api.w.org\/{rel}","templated":true}]}}