{"id":41,"date":"2014-09-11T16:53:05","date_gmt":"2014-09-11T14:53:05","guid":{"rendered":"http:\/\/disline.de\/?page_id=41"},"modified":"2014-12-10T19:15:02","modified_gmt":"2014-12-10T17:15:02","slug":"news-tv","status":"publish","type":"page","link":"https:\/\/disline.de\/?page_id=41","title":{"rendered":"NEWS\/TV"},"content":{"rendered":"<div class=\"odreieck\" style=\"top: -60px; left: 225px;\"><\/div>\n<div class=\"bdreieck\" style=\"top: -30px; left: 126px;\"><\/div>\n<h1>SENTA\u00ae \u2013 NEWS \/ TV<\/h1>\n<div><a title=\"SENTA - NEWS \/ TV\" href=\"http:\/\/disline.de\/oldstuff\/disline\/images\/senta-new.jpg\" rel=\"lightbox[roadtrip]\"><img decoding=\"async\" src=\"http:\/\/disline.de\/oldstuff\/disline\/images\/senta-new-th.jpg\" alt=\"SENTA - NEWS \/ TV\" \/><\/a><\/div>\n<p>F\u00fcr Zeitungen. Die Standard-Ausf\u00fchrung ohne Ausleuchtung:<\/p>\n<ul>\n<li>Ma\u00dfe (BxHxT): 51,7 (Rahmen) x 163,5 (inkl. TOP- Schild) x 40 cm<\/li>\n<li>Ma\u00dfe TOP-Schild (BxH): 51,8 x 30 cm<\/li>\n<li>3 Zeitungs-Schalen (alternativ f\u00fcr 6 Zeitschriften (3 x 2) einsetzbar)<\/li>\n<li>Der besondere Clou: Mit wenigen Handgriffen wird aus SENTA\u00ae Superior das Modell SENTA\u00ae TV: Austausch des TOP-Schildes durch einen Flatscreen.<\/li>\n<\/ul>\n<p>SENTA\u00ae NEWS \/ TV Classic:<\/p>\n<ul>\n<li>188 \u20ac \/ St\u00fcck<\/li>\n<\/ul>\n<p>SENTA\u00ae NEWS Premium:<\/p>\n<ul>\n<li>240 \u20ac \/ St\u00fcck mit LED-Wei\u00df-Beleuchtung und Fernbedienung<\/li>\n<\/ul>\n<ul>\n<li>(Alle Preise verstehen sich zzgl. gesetzlicher MwSt.)<\/li>\n<\/ul>\n<p>&nbsp;<\/p>\n<p>Bitte bestellen Sie per E-Mail oder Telefon:<\/p>\n<p><a title=\"E-Mail-Adresse\" href=\"mailto:info@uk-agentur.de\">info\u2202uk-agentur.de<\/a><\/p>\n<p>Tel.: +49 221 374006<\/p>\n","protected":false},"excerpt":{"rendered":"<p>SENTA\u00ae \u2013 NEWS \/ TV F\u00fcr Zeitungen. Die Standard-Ausf\u00fchrung ohne Ausleuchtung: Ma\u00dfe (BxHxT): 51,7 (Rahmen) x 163,5 (inkl. TOP- Schild) x 40 cm Ma\u00dfe TOP-Schild (BxH): 51,8 x 30 cm 3 Zeitungs-Schalen (alternativ f\u00fcr 6 Zeitschriften (3 x 2) einsetzbar) Der besondere Clou: Mit wenigen Handgriffen wird aus SENTA\u00ae Superior das Modell SENTA\u00ae TV: Austausch [&hellip;]<\/p>\n","protected":false},"author":1,"featured_media":0,"parent":17,"menu_order":4,"comment_status":"open","ping_status":"closed","template":"","meta":[],"_links":{"self":[{"href":"https:\/\/disline.de\/index.php?rest_route=\/wp\/v2\/pages\/41"}],"collection":[{"href":"https:\/\/disline.de\/index.php?rest_route=\/wp\/v2\/pages"}],"about":[{"href":"https:\/\/disline.de\/index.php?rest_route=\/wp\/v2\/types\/page"}],"author":[{"embeddable":true,"href":"https:\/\/disline.de\/index.php?rest_route=\/wp\/v2\/users\/1"}],"replies":[{"embeddable":true,"href":"https:\/\/disline.de\/index.php?rest_route=%2Fwp%2Fv2%2Fcomments&post=41"}],"version-history":[{"count":11,"href":"https:\/\/disline.de\/index.php?rest_route=\/wp\/v2\/pages\/41\/revisions"}],"predecessor-version":[{"id":125,"href":"https:\/\/disline.de\/index.php?rest_route=\/wp\/v2\/pages\/41\/revisions\/125"}],"up":[{"embeddable":true,"href":"https:\/\/disline.de\/index.php?rest_route=\/wp\/v2\/pages\/17"}],"wp:attachment":[{"href":"https:\/\/disline.de\/index.php?rest_route=%2Fwp%2Fv2%2Fmedia&parent=41"}],"curies":[{"name":"wp","href":"https:\/\/api.w.org\/{rel}","templated":true}]}}