{"id":4,"date":"2014-09-11T16:43:45","date_gmt":"2014-09-11T14:43:45","guid":{"rendered":"http:\/\/disline.de\/?page_id=4"},"modified":"2021-06-22T02:31:19","modified_gmt":"2021-06-22T00:31:19","slug":"home","status":"publish","type":"page","link":"https:\/\/disline.de\/","title":{"rendered":"Home"},"content":{"rendered":"<h1>Attraktiv in Szene gesetzt<\/h1>\n<p>DIS:line ist eine Marke von<a href=\"http:\/\/www.uhlekommunikation.de\/\" target=\"_blank\" rel=\"noopener\"> UHLE KOMMUNIKATION<\/a>. DIS:line bietet Displays f\u00fcr den Einsatz im Empfangsbereich, in Beratungszonen, am PoS, auf Veranstaltungen etc. Die Displays eignen sich hervorragend zur Pr\u00e4sentation von Artikeln aller Art sowie von Infomaterial wie <br \/>z. B. Brosch\u00fcren und Flyern.<\/p>\n<p>Wir freuen uns \u00fcber Ihren Kontakt via<\/p>\n<p><a title=\"E-Mail-Adresse\" href=\"mailto:info@uk-agentur.de\">info\u2202uk-agentur.de<\/a><\/p>\n<p>oder per Tel. +49 221 374006<\/p>\n\n\n<p><\/p>\n","protected":false},"excerpt":{"rendered":"<p>Attraktiv in Szene gesetzt DIS:line ist eine Marke von UHLE KOMMUNIKATION. DIS:line bietet Displays f\u00fcr den Einsatz im Empfangsbereich, in Beratungszonen, am PoS, auf Veranstaltungen etc. Die Displays eignen sich hervorragend zur Pr\u00e4sentation von Artikeln aller Art sowie von Infomaterial wie z. B. Brosch\u00fcren und Flyern. Wir freuen uns \u00fcber Ihren Kontakt via info\u2202uk-agentur.de oder [&hellip;]<\/p>\n","protected":false},"author":1,"featured_media":0,"parent":0,"menu_order":1,"comment_status":"open","ping_status":"open","template":"","meta":[],"_links":{"self":[{"href":"https:\/\/disline.de\/index.php?rest_route=\/wp\/v2\/pages\/4"}],"collection":[{"href":"https:\/\/disline.de\/index.php?rest_route=\/wp\/v2\/pages"}],"about":[{"href":"https:\/\/disline.de\/index.php?rest_route=\/wp\/v2\/types\/page"}],"author":[{"embeddable":true,"href":"https:\/\/disline.de\/index.php?rest_route=\/wp\/v2\/users\/1"}],"replies":[{"embeddable":true,"href":"https:\/\/disline.de\/index.php?rest_route=%2Fwp%2Fv2%2Fcomments&post=4"}],"version-history":[{"count":7,"href":"https:\/\/disline.de\/index.php?rest_route=\/wp\/v2\/pages\/4\/revisions"}],"predecessor-version":[{"id":149,"href":"https:\/\/disline.de\/index.php?rest_route=\/wp\/v2\/pages\/4\/revisions\/149"}],"wp:attachment":[{"href":"https:\/\/disline.de\/index.php?rest_route=%2Fwp%2Fv2%2Fmedia&parent=4"}],"curies":[{"name":"wp","href":"https:\/\/api.w.org\/{rel}","templated":true}]}}