{"id":35,"date":"2014-09-11T16:51:46","date_gmt":"2014-09-11T14:51:46","guid":{"rendered":"http:\/\/disline.de\/?page_id=35"},"modified":"2014-10-03T12:55:59","modified_gmt":"2014-10-03T10:55:59","slug":"classic","status":"publish","type":"page","link":"https:\/\/disline.de\/?page_id=35","title":{"rendered":"Classic"},"content":{"rendered":"<div class=\"odreieck\" style=\"top: -60px; left: 225px;\"><\/div>\n<div class=\"bdreieck\" style=\"top: -30px; left: 126px;\"><\/div>\n<h1>SENTA\u00ae \u2013 Classic<\/h1>\n<div><a title=\"SENTA Classic\" href=\"http:\/\/disline.de\/oldstuff\/disline\/images\/senta-classic.jpg\" rel=\"lightbox[roadtrip]\"><img decoding=\"async\" src=\"http:\/\/disline.de\/oldstuff\/disline\/images\/senta-classic-th.jpg\" alt=\"SENTA Classic\" \/><\/a><\/div>\n<p>Die Standard-Ausf\u00fchrung ohne Ausleuchtung:<\/p>\n<ul>\n<li>Ma\u00dfe (BxHxT): 32,7 (Rahmen) x 163,5 (inkl. TOP- Schild) x 40 cm<\/li>\n<li>Display aus Lochblech und Profilrohr<\/li>\n<li>TOP-Schild-Halterung A3-quer mit entspiegelter Klarsicht-Kunststoff-Folie und Magnetstreifen am oberen und unteren Rand<\/li>\n<li>mit 2 R\u00e4dern, mobil und leicht beweglich<\/li>\n<li>3 Zeitschriften-Schalen aus Acrylglas. Halterungen h\u00f6hen- und tiefenverstellbar, Neigungswinkel verstellbar<\/li>\n<li>Die Seitenw\u00e4nde des Displays sind aus Lochblech, Zeitschriften-Schalen-Halter und TOP-Schild sind gesteckt und geschraubt<\/li>\n<li>162 \u20ac \/ St\u00fcck<\/li>\n<li>(Alle Preise verstehen sich zzgl. gesetzlicher MwSt.)<\/li>\n<\/ul>\n<p>&nbsp;<\/p>\n<p>Bitte bestellen Sie per E-Mail oder Telefon:<\/p>\n<p><a title=\"E-Mail-Adresse\" href=\"mailto:info@uk-agentur.de\">info\u2202uk-agentur.de<\/a><\/p>\n<p>Tel.: +49 221 374006<\/p>\n","protected":false},"excerpt":{"rendered":"<p>SENTA\u00ae \u2013 Classic Die Standard-Ausf\u00fchrung ohne Ausleuchtung: Ma\u00dfe (BxHxT): 32,7 (Rahmen) x 163,5 (inkl. TOP- Schild) x 40 cm Display aus Lochblech und Profilrohr TOP-Schild-Halterung A3-quer mit entspiegelter Klarsicht-Kunststoff-Folie und Magnetstreifen am oberen und unteren Rand mit 2 R\u00e4dern, mobil und leicht beweglich 3 Zeitschriften-Schalen aus Acrylglas. Halterungen h\u00f6hen- und tiefenverstellbar, Neigungswinkel verstellbar Die Seitenw\u00e4nde [&hellip;]<\/p>\n","protected":false},"author":1,"featured_media":0,"parent":17,"menu_order":1,"comment_status":"open","ping_status":"open","template":"","meta":[],"_links":{"self":[{"href":"https:\/\/disline.de\/index.php?rest_route=\/wp\/v2\/pages\/35"}],"collection":[{"href":"https:\/\/disline.de\/index.php?rest_route=\/wp\/v2\/pages"}],"about":[{"href":"https:\/\/disline.de\/index.php?rest_route=\/wp\/v2\/types\/page"}],"author":[{"embeddable":true,"href":"https:\/\/disline.de\/index.php?rest_route=\/wp\/v2\/users\/1"}],"replies":[{"embeddable":true,"href":"https:\/\/disline.de\/index.php?rest_route=%2Fwp%2Fv2%2Fcomments&post=35"}],"version-history":[{"count":5,"href":"https:\/\/disline.de\/index.php?rest_route=\/wp\/v2\/pages\/35\/revisions"}],"predecessor-version":[{"id":103,"href":"https:\/\/disline.de\/index.php?rest_route=\/wp\/v2\/pages\/35\/revisions\/103"}],"up":[{"embeddable":true,"href":"https:\/\/disline.de\/index.php?rest_route=\/wp\/v2\/pages\/17"}],"wp:attachment":[{"href":"https:\/\/disline.de\/index.php?rest_route=%2Fwp%2Fv2%2Fmedia&parent=35"}],"curies":[{"name":"wp","href":"https:\/\/api.w.org\/{rel}","templated":true}]}}