{"id":31,"date":"2014-09-11T16:51:02","date_gmt":"2014-09-11T14:51:02","guid":{"rendered":"http:\/\/disline.de\/?page_id=31"},"modified":"2014-10-03T12:59:58","modified_gmt":"2014-10-03T10:59:58","slug":"dl3","status":"publish","type":"page","link":"https:\/\/disline.de\/?page_id=31","title":{"rendered":"DL3"},"content":{"rendered":"<div class=\"odreieck\" style=\"top: -60px; left: 225px;\"><\/div>\n<div class=\"bdreieck\" style=\"top: -30px; left: 50px;\"><\/div>\n<h1>DIS:line<\/h1>\n<p>Dl-3 fixed set \u2013 die Wandl\u00f6sung am PoS<\/p>\n<div><a href=\"http:\/\/disline.de\/oldstuff\/disline\/images\/disline-D3.jpg\" rel=\"lightbox[roadtrip]\"><img decoding=\"async\" src=\"http:\/\/disline.de\/oldstuff\/disline\/images\/disline-D3-th.jpg\" alt=\"DISline DL-3\" \/><\/a> <a href=\"http:\/\/disline.de\/oldstuff\/disline\/images\/disline-D3-b.jpg\" rel=\"lightbox[roadtrip]\"><img decoding=\"async\" src=\"http:\/\/disline.de\/oldstuff\/disline\/images\/disline-D3-b-th.jpg\" alt=\"DISline DL-3\" \/><\/a><\/div>\n<p>Das neue Modell Dl-3 fixed set von DIS:line eignet sich wie die anderen Modelle aus der Dl-Serie hervorragend f\u00fcr den station\u00e4ren Einsatz am PoS oder PoI. Fixed hei\u00dft das Modell deshalb, weil es an W\u00e4nden befestigt oder aufgeh\u00e4ngt wird. Das ist platzsparend und empfiehlt sich f\u00fcr selbst kleinste Wartezonen oder Verkaufsr\u00e4ume. Fixed set bedeutet, dass verschiedene Module dazu als Set eingesetzt werden k\u00f6nnen.<\/p>\n<p>Es ist rundum solide verarbeitet und stabil, dennoch sehr leicht zu montieren und transportf\u00e4hig. Das Basis-Display besteht aus einem gro\u00dfen Lochblech-Element, an das ein Treppendisplay eingeh\u00e4ngt werden kann wie auch diverse K\u00f6rbe. Insofern leistet es sehr gute Dienste bei der Pr\u00e4sentation von Zeitschriften und Brosch\u00fcren, falls das Treppendisplay eingehangen wird. Oder von Artikeln aller Art. Dies liegt an den unterschiedlichen K\u00f6rben, die optional dazu gekauft und eingeh\u00e4ngt werden k\u00f6nnen und die sich hervorragend f\u00fcr kleinformatige verpackte Waren verschiedenster Art eignen. Gr\u00f6\u00dfer formatige Artikel k\u00f6nnen ohne weitere Module direkt am Lochblechelement mit Lochwandhaken pr\u00e4sentiert werden.<\/p>\n<h1>Die Module:<\/h1>\n<ul>\n<li>Basisdisplay (Lochblech-Element) zur Wandanbringung<\/li>\n<li>optional: Treppendisplay zum Einh\u00e4ngen<\/li>\n<li>optional: K\u00f6rbe verschiedenster Art zum Einh\u00e4ngen<\/li>\n<li>optional: Lochwandhaken<\/li>\n<\/ul>\n<h1>Die Varianten:<\/h1>\n<p>Standardm\u00e4\u00dfig haben wir uns f\u00fcr silber-farbenes Alu-Finish als Farbe entschieden, da es ebenso edel wie elegant und zeitlos wirkt. Einige andere Farben sind auf Wunsch m\u00f6glich (gegen geringen Aufpreis). Au\u00dferdem ist das Dl-3 fixed set auch in anderen Abmessungen bestellbar (Preise auf Anfrage).<\/p>\n<h1>Die Ma\u00dfe (in cm):<\/h1>\n<ul>\n<li>Basisdisplay 46,5 b x 131 h x 3 t<\/li>\n<li>Treppendisplay\/Zeitungsleiter 45 b x 116 h x 14 t<\/li>\n<\/ul>\n<h1>Die Preise:<\/h1>\n<ul>\n<li>Basisdisplay 75 EURO netto<\/li>\n<li>Treppendisplay\/Zeitungsleiter 74,85 EURO netto<\/li>\n<li>K\u00f6rbe je nach Format auf Anfrage<\/li>\n<li>Lochwandhaken auf Anfrage<\/li>\n<\/ul>\n<p>Gewicht: ca. 10 kg (Basisdisplay)<\/p>\n<p>(Alle Preise verstehen sich zzgl. gesetzlicher MwSt.)<\/p>\n<h1>Der Versand:<\/h1>\n<p>18,50 \u20ac netto \u00fcber DPD<\/p>\n<p>(zzgl. gesetzlicher MwSt.)<\/p>\n<h1>Die Lieferzeit:<\/h1>\n<p>ca. 2 &#8211; 3 Wochen<\/p>\n<h1><\/h1>\n<p>Made in Germany<\/p>\n<p>&nbsp;<\/p>\n<p>Bitte bestellen Sie per E-Mail oder Telefon:<\/p>\n<p><a title=\"E-Mail-Adresse\" href=\"mailto:info@uk-agentur.de\">info\u2202uk-agentur.de<\/a><\/p>\n<p>Tel.: +49 221 374006<\/p>\n","protected":false},"excerpt":{"rendered":"<p>DIS:line Dl-3 fixed set \u2013 die Wandl\u00f6sung am PoS Das neue Modell Dl-3 fixed set von DIS:line eignet sich wie die anderen Modelle aus der Dl-Serie hervorragend f\u00fcr den station\u00e4ren Einsatz am PoS oder PoI. Fixed hei\u00dft das Modell deshalb, weil es an W\u00e4nden befestigt oder aufgeh\u00e4ngt wird. Das ist platzsparend und empfiehlt sich f\u00fcr [&hellip;]<\/p>\n","protected":false},"author":1,"featured_media":0,"parent":14,"menu_order":3,"comment_status":"open","ping_status":"open","template":"","meta":[],"_links":{"self":[{"href":"https:\/\/disline.de\/index.php?rest_route=\/wp\/v2\/pages\/31"}],"collection":[{"href":"https:\/\/disline.de\/index.php?rest_route=\/wp\/v2\/pages"}],"about":[{"href":"https:\/\/disline.de\/index.php?rest_route=\/wp\/v2\/types\/page"}],"author":[{"embeddable":true,"href":"https:\/\/disline.de\/index.php?rest_route=\/wp\/v2\/users\/1"}],"replies":[{"embeddable":true,"href":"https:\/\/disline.de\/index.php?rest_route=%2Fwp%2Fv2%2Fcomments&post=31"}],"version-history":[{"count":5,"href":"https:\/\/disline.de\/index.php?rest_route=\/wp\/v2\/pages\/31\/revisions"}],"predecessor-version":[{"id":109,"href":"https:\/\/disline.de\/index.php?rest_route=\/wp\/v2\/pages\/31\/revisions\/109"}],"up":[{"embeddable":true,"href":"https:\/\/disline.de\/index.php?rest_route=\/wp\/v2\/pages\/14"}],"wp:attachment":[{"href":"https:\/\/disline.de\/index.php?rest_route=%2Fwp%2Fv2%2Fmedia&parent=31"}],"curies":[{"name":"wp","href":"https:\/\/api.w.org\/{rel}","templated":true}]}}