{"id":29,"date":"2014-09-11T16:50:43","date_gmt":"2014-09-11T14:50:43","guid":{"rendered":"http:\/\/disline.de\/?page_id=29"},"modified":"2014-10-03T12:59:26","modified_gmt":"2014-10-03T10:59:26","slug":"dl2","status":"publish","type":"page","link":"https:\/\/disline.de\/?page_id=29","title":{"rendered":"DL2"},"content":{"rendered":"<div class=\"odreieck\" style=\"top: -60px; left: 225px;\"><\/div>\n<div class=\"bdreieck\" style=\"top: -30px; left: 50px;\"><\/div>\n<h1>DIS:line<\/h1>\n<p><strong>Dl-2 allround \u2013 der Allrounder am PoS<\/strong><\/p>\n<div><a href=\"http:\/\/disline.de\/oldstuff\/disline\/images\/disline-dl2-b.jpg\" rel=\"lightbox[roadtrip]\"><img decoding=\"async\" src=\"http:\/\/disline.de\/oldstuff\/disline\/images\/disline-dl2-b-th.jpg\" alt=\"DISline DL-1\" \/><\/a> <a href=\"http:\/\/disline.de\/oldstuff\/disline\/images\/disline-dl-1.jpg\" rel=\"lightbox[roadtrip]\"><img decoding=\"async\" src=\"http:\/\/disline.de\/oldstuff\/disline\/images\/disline-dl2-th.jpg\" alt=\"DISline DL-1\" \/><\/a><\/div>\n<p>Das neue Modell Dl-2 allround von DIS:line eignet sich ausgezeichnet f\u00fcr den station\u00e4ren Einsatz am PoS oder PoI. Allround hei\u00dft das Modell deshalb, weil es \u00fcberall am PoS oder PoI eingesetzt werden kann. Im Schaufenster, als Kundenstopper mitten im Ladenlokal, als Raumtrenner zwischen zwei Arbeitspl\u00e4tzen oder als Regal, das wandseitig positioniert wird.<br \/>\nEs ist rundum solide verarbeitet und standsicher, dennoch sehr gut zu bewegen und transportf\u00e4hig. Das Display besteht aus einem gro\u00dfen Lochblechelement, an das die F\u00fc\u00dfe bereits fest verschwei\u00dft sind.<\/p>\n<p>Pr\u00e4sentiert werden k\u00f6nnen damit Artikel aller Art. Dies liegt an den unterschiedlichen K\u00f6rben, die fakultativ dazu gekauft und eingehangen werden k\u00f6nnen. Hervorragend geeignet ist das Display Dl-2 allround von DIS:line f\u00fcr kleinformatige verpackte Waren verschiedenster Art sowie gr\u00f6\u00dfer formatige Artikel, die an Lochwandhaken befestigt werden.<\/p>\n<h1>Die Module:<\/h1>\n<ul>\n<li>Basisdisplay mit Standf\u00fc\u00dfen (aus Metall)<\/li>\n<li>optional: K\u00f6rbe verschiedenster Art<\/li>\n<li>optional: Lochwandhaken<\/li>\n<\/ul>\n<h1>Die Varianten:<\/h1>\n<p>Standardm\u00e4\u00dfig haben wir uns f\u00fcr silber-farbenes Alu-Finish als Farbe entschieden, da es ebenso edel wie elegant und zeitlos wirkt. Einige andere Farben sind auf Wunsch m\u00f6glich (gegen geringen Aufpreis). Au\u00dferdem ist Dl-2 allround auch in anderen Abmessungen bestellbar (Preise auf Anfrage). Gleiches gilt f\u00fcr ein Sondermodell, bei dem die Standf\u00fc\u00dfe angeschraubt werden.<\/p>\n<h1>Die Ma\u00dfe (in cm):<\/h1>\n<ul>\n<li>Basisdisplay 100 b x 160 h x 40 t<\/li>\n<\/ul>\n<h1>Die Preise:<\/h1>\n<ul>\n<li>Basisdisplay 150 EURO netto<\/li>\n<li>K\u00f6rbe auf Anfrage<\/li>\n<li>Lochwandhaken auf Anfrage<\/li>\n<\/ul>\n<p>Gewicht: ca. 25 kg (Basisdisplay)<\/p>\n<p>(Alle Preise verstehen sich zzgl. gesetzlicher MwSt.)<\/p>\n<h1>Der Versand:<\/h1>\n<p>18,50 \u20ac netto \u00fcber DPD<\/p>\n<p>(zzgl. gesetzlicher MwSt.)<\/p>\n<h1>Die Lieferzeit:<\/h1>\n<p>ca. 2 &#8211; 3 Wochen<\/p>\n<h1><\/h1>\n<p>Made in Germany<\/p>\n<p>&nbsp;<\/p>\n<p>Bitte bestellen Sie per E-Mail oder Telefon:<\/p>\n<p><a title=\"E-Mail-Adresse\" href=\"mailto:info@uk-agentur.de\">info\u2202uk-agentur.de<\/a><\/p>\n<p>Tel.: +49 221 374006<\/p>\n","protected":false},"excerpt":{"rendered":"<p>DIS:line Dl-2 allround \u2013 der Allrounder am PoS Das neue Modell Dl-2 allround von DIS:line eignet sich ausgezeichnet f\u00fcr den station\u00e4ren Einsatz am PoS oder PoI. Allround hei\u00dft das Modell deshalb, weil es \u00fcberall am PoS oder PoI eingesetzt werden kann. Im Schaufenster, als Kundenstopper mitten im Ladenlokal, als Raumtrenner zwischen zwei Arbeitspl\u00e4tzen oder als [&hellip;]<\/p>\n","protected":false},"author":1,"featured_media":0,"parent":14,"menu_order":2,"comment_status":"open","ping_status":"open","template":"","meta":[],"_links":{"self":[{"href":"https:\/\/disline.de\/index.php?rest_route=\/wp\/v2\/pages\/29"}],"collection":[{"href":"https:\/\/disline.de\/index.php?rest_route=\/wp\/v2\/pages"}],"about":[{"href":"https:\/\/disline.de\/index.php?rest_route=\/wp\/v2\/types\/page"}],"author":[{"embeddable":true,"href":"https:\/\/disline.de\/index.php?rest_route=\/wp\/v2\/users\/1"}],"replies":[{"embeddable":true,"href":"https:\/\/disline.de\/index.php?rest_route=%2Fwp%2Fv2%2Fcomments&post=29"}],"version-history":[{"count":3,"href":"https:\/\/disline.de\/index.php?rest_route=\/wp\/v2\/pages\/29\/revisions"}],"predecessor-version":[{"id":108,"href":"https:\/\/disline.de\/index.php?rest_route=\/wp\/v2\/pages\/29\/revisions\/108"}],"up":[{"embeddable":true,"href":"https:\/\/disline.de\/index.php?rest_route=\/wp\/v2\/pages\/14"}],"wp:attachment":[{"href":"https:\/\/disline.de\/index.php?rest_route=%2Fwp%2Fv2%2Fmedia&parent=29"}],"curies":[{"name":"wp","href":"https:\/\/api.w.org\/{rel}","templated":true}]}}