{"id":27,"date":"2014-09-11T16:50:20","date_gmt":"2014-09-11T14:50:20","guid":{"rendered":"http:\/\/disline.de\/?page_id=27"},"modified":"2014-10-03T12:58:55","modified_gmt":"2014-10-03T10:58:55","slug":"dl1","status":"publish","type":"page","link":"https:\/\/disline.de\/?page_id=27","title":{"rendered":"DL1"},"content":{"rendered":"<div class=\"odreieck\" style=\"top: -60px; left: 225px;\"><\/div>\n<div class=\"bdreieck\" style=\"top: -30px; left: 50px;\"><\/div>\n<h1>DIS:line<\/h1>\n<p>DL1<\/p>\n<p>Mobile<\/p>\n<div><a href=\"http:\/\/disline.de\/oldstuff\/disline\/images\/disline-dl-1.jpg\" rel=\"lightbox[roadtrip]\"><img decoding=\"async\" src=\"http:\/\/disline.de\/oldstuff\/disline\/images\/disline-dl-1-th.jpg\" alt=\"DISline DL-1\" \/><\/a> <a href=\"http:\/\/disline.de\/oldstuff\/disline\/images\/disline-dl-11.jpg\" rel=\"lightbox[roadtrip]\"><img decoding=\"async\" src=\"http:\/\/disline.de\/oldstuff\/disline\/images\/disline-dl-11-th.jpg\" alt=\"DISline DL-1\" \/><\/a> <a href=\"http:\/\/disline.de\/oldstuff\/disline\/images\/disline-dl-1-detail.jpg\" rel=\"lightbox[roadtrip]\"><img decoding=\"async\" src=\"http:\/\/disline.de\/oldstuff\/disline\/images\/disline-dl-1-detail-th.jpg\" alt=\"DISline DL-1\" \/><\/a><\/div>\n<p>Auch das neue Modell DL-1 von DIS:line eignet sich ausgezeichnet f\u00fcr den station\u00e4ren wie f\u00fcr den mobilen Einsatz. Es ist rundum solide verarbeitet, dennoch sehr gut beweglich und in jedem Kofferraum transportierbar. Das Display besteht aus Steckelementen, die auf der R\u00fcckseite f\u00fcr einen Transport zus\u00e4tzlich mit kleinen Fl\u00fcgelschrauben befestigt werden k\u00f6nnen. Fakultativ kann die Topper-Einheit dazu genommen werden mit einer Fl\u00e4che, die sich zur Beschriftung in jeder Form eignet. Es befinden sich auf der R\u00fcckseite am Sockel zwei gro\u00dfe stabile Transportrollen aus Gummi mit sehr guten Laufeigenschaften.<\/p>\n<p>Pr\u00e4sentiert werden k\u00f6nnen damit besonders gut Infomaterialien aller Art. Hervorragend geeignet ist das Display DL-1- von DIS:line zudem f\u00fcr verpackte Waren verschiedenster Art sowie Taschen etc. etc. etc.<\/p>\n<h1>Die Module:<\/h1>\n<ul>\n<li>Basisdisplay mit zwei Steckelementen und vier Einh\u00e4nge schalen (aus Metall bzw. Acryl)<\/li>\n<li>optional: Topper-Einheit zum Aufstecken<\/li>\n<li>optional: Plakattr\u00e4gerfolie mit Magnet<\/li>\n<li>optional: LED-;Beleuchtung mit Magnetbefestigung und Fernbedienung<\/li>\n<\/ul>\n<h1>Die Varianten:<\/h1>\n<p>Standardm\u00e4\u00dfig haben wir uns f\u00fcr Alu-Finish als Farbe entschieden, da es ebenso edel wie elegant und zeitlos wirkt. Einige andere Farben sind auf Wunsch m\u00f6glich (gegen geringen Aufpreis). Au\u00dferdem ist das DL-1-Modell auch in anderen Abmessungen bestellbar (Preise auf Anfrage).<\/p>\n<h1>Die Ma\u00dfe (in cm):<\/h1>\n<ul>\n<li>Basisdisplay 146 h x 50 t (am Sockel) x 46,5 b<\/li>\n<li>Topper-Einheit 22 h x 46,5 b (Au\u00dfenma\u00df)<\/li>\n<li>Einh\u00e4ngeschale 31 h x 6 t (am Boden) x 41 b<\/li>\n<\/ul>\n<h1>Die Preise:<\/h1>\n<ul>\n<li>Basisdisplay aus drei Steckelementen und vier Einh\u00e4ngeschalen aus Metall 150 \u20ac netto<\/li>\n<li>Basisdisplay aus drei Steckelementen und vier Einh\u00e4ngeschalen aus Acryl auf Anfrage<\/li>\n<li>Topper-Einheit zum Aufstecken 25 \u20ac netto<\/li>\n<li>Plakattr\u00e4gerfolie mit Magnet 5 \u20ac netto<\/li>\n<li>LED-Beleuchtung mit Magnetbefestigung auf Anfrage<\/li>\n<\/ul>\n<p>Gewicht: ca. 20 kg (Basisdisplay)<\/p>\n<p>(Alle Preise verstehen sich zzgl. gesetzlicher MwSt.)<\/p>\n<h1>Der Versand:<\/h1>\n<p>18,50 \u20ac netto \u00fcber DPD<\/p>\n<p>(zzgl. gesetzlicher MwSt.)<\/p>\n<h1>Die Lieferzeit:<\/h1>\n<p>ca. 2 &#8211; 3 Wochen<\/p>\n<h1><\/h1>\n<p>Made in Germany<\/p>\n<p>&nbsp;<\/p>\n<p>Bitte bestellen Sie per E-Mail oder Telefon:<\/p>\n<p><a title=\"E-Mail-Adresse\" href=\"mailto:info@uk-agentur.de\">info\u2202uk-agentur.de<\/a><\/p>\n<p>Tel.: +49 221 374006<\/p>\n","protected":false},"excerpt":{"rendered":"<p>DIS:line DL1 Mobile Auch das neue Modell DL-1 von DIS:line eignet sich ausgezeichnet f\u00fcr den station\u00e4ren wie f\u00fcr den mobilen Einsatz. Es ist rundum solide verarbeitet, dennoch sehr gut beweglich und in jedem Kofferraum transportierbar. Das Display besteht aus Steckelementen, die auf der R\u00fcckseite f\u00fcr einen Transport zus\u00e4tzlich mit kleinen Fl\u00fcgelschrauben befestigt werden k\u00f6nnen. Fakultativ [&hellip;]<\/p>\n","protected":false},"author":1,"featured_media":0,"parent":14,"menu_order":1,"comment_status":"open","ping_status":"open","template":"","meta":[],"_links":{"self":[{"href":"https:\/\/disline.de\/index.php?rest_route=\/wp\/v2\/pages\/27"}],"collection":[{"href":"https:\/\/disline.de\/index.php?rest_route=\/wp\/v2\/pages"}],"about":[{"href":"https:\/\/disline.de\/index.php?rest_route=\/wp\/v2\/types\/page"}],"author":[{"embeddable":true,"href":"https:\/\/disline.de\/index.php?rest_route=\/wp\/v2\/users\/1"}],"replies":[{"embeddable":true,"href":"https:\/\/disline.de\/index.php?rest_route=%2Fwp%2Fv2%2Fcomments&post=27"}],"version-history":[{"count":3,"href":"https:\/\/disline.de\/index.php?rest_route=\/wp\/v2\/pages\/27\/revisions"}],"predecessor-version":[{"id":107,"href":"https:\/\/disline.de\/index.php?rest_route=\/wp\/v2\/pages\/27\/revisions\/107"}],"up":[{"embeddable":true,"href":"https:\/\/disline.de\/index.php?rest_route=\/wp\/v2\/pages\/14"}],"wp:attachment":[{"href":"https:\/\/disline.de\/index.php?rest_route=%2Fwp%2Fv2%2Fmedia&parent=27"}],"curies":[{"name":"wp","href":"https:\/\/api.w.org\/{rel}","templated":true}]}}