{"id":19,"date":"2014-09-11T16:47:15","date_gmt":"2014-09-11T14:47:15","guid":{"rendered":"http:\/\/disline.de\/?page_id=19"},"modified":"2014-09-11T17:28:25","modified_gmt":"2014-09-11T15:28:25","slug":"basics","status":"publish","type":"page","link":"https:\/\/disline.de\/?page_id=19","title":{"rendered":"Basics"},"content":{"rendered":"<div class=\"odreieck\" style=\"top: -60px; left:225px\"><\/div>\n<h1>Basics<\/h1>\n<p>Die unter Basics ausgef\u00fchrten Produkte sind ausgew\u00e4hlte Displays von anderen Herstellern, die einfachen Anspr\u00fcchen gen\u00fcgen. Ein wesentlicher Vorteil liegt hier im geringen Gewicht, zudem sind die Basic-Produkte sehr preisg\u00fcnstig.<\/p>\n<div><a title=\"Acryl Display\" href=\"http:\/\/disline.de\/oldstuff\/disline\/images\/acryl\/acryl1.jpg\" rel=\"lightbox[roadtrip]\"><img decoding=\"async\" src=\"http:\/\/disline.de\/oldstuff\/disline\/images\/acryl\/acryl1-th.jpg\" alt=\"Acryl Display\" \/><\/a> <a title=\"Acryl Display\" href=\"http:\/\/disline.de\/oldstuff\/disline\/images\/acryl\/acryl8.jpg\" rel=\"lightbox[roadtrip]\"><img decoding=\"async\" src=\"http:\/\/disline.de\/oldstuff\/disline\/images\/acryl\/acryl8-th.jpg\" alt=\"Acryl Display\" \/><\/a><\/div>\n<p>&nbsp;<\/p>\n<p>Wir freuen uns \u00fcber Mails oder Anrufe an:<\/p>\n<p><a title=\"E-Mail-Adresse\" href=\"mailto:info@uk-agentur.de\">info\u2202uk-agentur.de<\/a><\/p>\n<p>Tel.: +49 221 374006<\/p>\n","protected":false},"excerpt":{"rendered":"<p>Basics Die unter Basics ausgef\u00fchrten Produkte sind ausgew\u00e4hlte Displays von anderen Herstellern, die einfachen Anspr\u00fcchen gen\u00fcgen. Ein wesentlicher Vorteil liegt hier im geringen Gewicht, zudem sind die Basic-Produkte sehr preisg\u00fcnstig. &nbsp; Wir freuen uns \u00fcber Mails oder Anrufe an: info\u2202uk-agentur.de Tel.: +49 221 374006<\/p>\n","protected":false},"author":1,"featured_media":0,"parent":10,"menu_order":3,"comment_status":"open","ping_status":"open","template":"","meta":[],"_links":{"self":[{"href":"https:\/\/disline.de\/index.php?rest_route=\/wp\/v2\/pages\/19"}],"collection":[{"href":"https:\/\/disline.de\/index.php?rest_route=\/wp\/v2\/pages"}],"about":[{"href":"https:\/\/disline.de\/index.php?rest_route=\/wp\/v2\/types\/page"}],"author":[{"embeddable":true,"href":"https:\/\/disline.de\/index.php?rest_route=\/wp\/v2\/users\/1"}],"replies":[{"embeddable":true,"href":"https:\/\/disline.de\/index.php?rest_route=%2Fwp%2Fv2%2Fcomments&post=19"}],"version-history":[{"count":2,"href":"https:\/\/disline.de\/index.php?rest_route=\/wp\/v2\/pages\/19\/revisions"}],"predecessor-version":[{"id":70,"href":"https:\/\/disline.de\/index.php?rest_route=\/wp\/v2\/pages\/19\/revisions\/70"}],"up":[{"embeddable":true,"href":"https:\/\/disline.de\/index.php?rest_route=\/wp\/v2\/pages\/10"}],"wp:attachment":[{"href":"https:\/\/disline.de\/index.php?rest_route=%2Fwp%2Fv2%2Fmedia&parent=19"}],"curies":[{"name":"wp","href":"https:\/\/api.w.org\/{rel}","templated":true}]}}