{"id":17,"date":"2014-09-11T16:46:54","date_gmt":"2014-09-11T14:46:54","guid":{"rendered":"http:\/\/disline.de\/?page_id=17"},"modified":"2014-10-03T12:07:52","modified_gmt":"2014-10-03T10:07:52","slug":"senta","status":"publish","type":"page","link":"https:\/\/disline.de\/?page_id=17","title":{"rendered":"SENTA"},"content":{"rendered":"<div class=\"odreieck\" style=\"top: -60px; left: 225px;\"><\/div>\n<div class=\"bdreieck\" style=\"top: -30px; left: 103px;\"><\/div>\n<h1>SENTA\u00ae \u2013<\/h1>\n<h1>Das innovative Displaysystem<\/h1>\n<ul>\n<li>SENTA\u00ae, in das Register des Deutschen Patent- und Markenamts eingetragene Marke plus eingetragenem Gebrauchsmusterschutz<\/li>\n<li>Multifunktional, dadurch hoher Mehrfachnutzen<\/li>\n<li>Integrierte LED-Beleuchtung<\/li>\n<li>Trendbewusst, nutzerorientiert, modulares System<\/li>\n<li>Mobil einsetzbar, daher auch f\u00fcr Sonderpr\u00e4sentationen ausgezeichnet geeignet<\/li>\n<\/ul>\n<p>&nbsp;<\/p>\n<p>Wir freuen uns \u00fcber Mails oder Anrufe an:<\/p>\n<p><a title=\"E-Mail-Adresse\" href=\"mailto:info@uk-agentur.de\">info\u2202uk-agentur.de<\/a><\/p>\n<p>Tel.: +49 221 374006<\/p>\n","protected":false},"excerpt":{"rendered":"<p>SENTA\u00ae \u2013 Das innovative Displaysystem SENTA\u00ae, in das Register des Deutschen Patent- und Markenamts eingetragene Marke plus eingetragenem Gebrauchsmusterschutz Multifunktional, dadurch hoher Mehrfachnutzen Integrierte LED-Beleuchtung Trendbewusst, nutzerorientiert, modulares System Mobil einsetzbar, daher auch f\u00fcr Sonderpr\u00e4sentationen ausgezeichnet geeignet &nbsp; Wir freuen uns \u00fcber Mails oder Anrufe an: info\u2202uk-agentur.de Tel.: +49 221 374006<\/p>\n","protected":false},"author":1,"featured_media":0,"parent":10,"menu_order":2,"comment_status":"open","ping_status":"open","template":"","meta":[],"_links":{"self":[{"href":"https:\/\/disline.de\/index.php?rest_route=\/wp\/v2\/pages\/17"}],"collection":[{"href":"https:\/\/disline.de\/index.php?rest_route=\/wp\/v2\/pages"}],"about":[{"href":"https:\/\/disline.de\/index.php?rest_route=\/wp\/v2\/types\/page"}],"author":[{"embeddable":true,"href":"https:\/\/disline.de\/index.php?rest_route=\/wp\/v2\/users\/1"}],"replies":[{"embeddable":true,"href":"https:\/\/disline.de\/index.php?rest_route=%2Fwp%2Fv2%2Fcomments&post=17"}],"version-history":[{"count":8,"href":"https:\/\/disline.de\/index.php?rest_route=\/wp\/v2\/pages\/17\/revisions"}],"predecessor-version":[{"id":100,"href":"https:\/\/disline.de\/index.php?rest_route=\/wp\/v2\/pages\/17\/revisions\/100"}],"up":[{"embeddable":true,"href":"https:\/\/disline.de\/index.php?rest_route=\/wp\/v2\/pages\/10"}],"wp:attachment":[{"href":"https:\/\/disline.de\/index.php?rest_route=%2Fwp%2Fv2%2Fmedia&parent=17"}],"curies":[{"name":"wp","href":"https:\/\/api.w.org\/{rel}","templated":true}]}}