{"id":14,"date":"2014-09-11T16:46:14","date_gmt":"2014-09-11T14:46:14","guid":{"rendered":"http:\/\/disline.de\/?page_id=14"},"modified":"2014-09-25T16:37:34","modified_gmt":"2014-09-25T14:37:34","slug":"disline","status":"publish","type":"page","link":"https:\/\/disline.de\/?page_id=14","title":{"rendered":"DIS:line"},"content":{"rendered":"<div class=\"odreieck\" style=\"top: -60px; left: 225px;\"><\/div>\n<div class=\"bdreieck\" style=\"top: -30px; left: 50px;\"><\/div>\n<h1>DIS:line<\/h1>\n<p>Die ganze Produktpalette der DL-Displays von DIS:line wird exklusiv in Deutschland produziert. Von uns f\u00fcr Sie. Ihre Vorteile als Kunde:<\/p>\n<ul>\n<li>Displays, entwickelt von anwendungs- und produktionserfahrenen Experten,<\/li>\n<li>transparente Produktionsprozesse und<\/li>\n<li>kurze Wege. Und obendrein<\/li>\n<li>\u00fcberraschend preisg\u00fcnstig.<\/li>\n<\/ul>\n<p>&nbsp;<\/p>\n<p>Wir freuen uns \u00fcber Mails oder Anrufe an:<\/p>\n<p><a title=\"E-Mail-Adresse\" href=\"mailto:info@uk-agentur.de\">info\u2202uk-agentur.de<\/a><\/p>\n<p>Tel.: +49 221 374006<\/p>\n","protected":false},"excerpt":{"rendered":"<p>DIS:line Die ganze Produktpalette der DL-Displays von DIS:line wird exklusiv in Deutschland produziert. Von uns f\u00fcr Sie. Ihre Vorteile als Kunde: Displays, entwickelt von anwendungs- und produktionserfahrenen Experten, transparente Produktionsprozesse und kurze Wege. Und obendrein \u00fcberraschend preisg\u00fcnstig. &nbsp; Wir freuen uns \u00fcber Mails oder Anrufe an: info\u2202uk-agentur.de Tel.: +49 221 374006<\/p>\n","protected":false},"author":1,"featured_media":0,"parent":10,"menu_order":1,"comment_status":"open","ping_status":"open","template":"","meta":[],"_links":{"self":[{"href":"https:\/\/disline.de\/index.php?rest_route=\/wp\/v2\/pages\/14"}],"collection":[{"href":"https:\/\/disline.de\/index.php?rest_route=\/wp\/v2\/pages"}],"about":[{"href":"https:\/\/disline.de\/index.php?rest_route=\/wp\/v2\/types\/page"}],"author":[{"embeddable":true,"href":"https:\/\/disline.de\/index.php?rest_route=\/wp\/v2\/users\/1"}],"replies":[{"embeddable":true,"href":"https:\/\/disline.de\/index.php?rest_route=%2Fwp%2Fv2%2Fcomments&post=14"}],"version-history":[{"count":9,"href":"https:\/\/disline.de\/index.php?rest_route=\/wp\/v2\/pages\/14\/revisions"}],"predecessor-version":[{"id":92,"href":"https:\/\/disline.de\/index.php?rest_route=\/wp\/v2\/pages\/14\/revisions\/92"}],"up":[{"embeddable":true,"href":"https:\/\/disline.de\/index.php?rest_route=\/wp\/v2\/pages\/10"}],"wp:attachment":[{"href":"https:\/\/disline.de\/index.php?rest_route=%2Fwp%2Fv2%2Fmedia&parent=14"}],"curies":[{"name":"wp","href":"https:\/\/api.w.org\/{rel}","templated":true}]}}